{"id":2729,"date":"2026-02-23T15:44:28","date_gmt":"2026-02-23T18:44:28","guid":{"rendered":"https:\/\/a3medicinadotrabalho.com.br\/campanha\/?page_id=2729"},"modified":"2026-02-23T15:49:26","modified_gmt":"2026-02-23T18:49:26","slug":"servicos-exames","status":"publish","type":"page","link":"https:\/\/a3medicinadotrabalho.com.br\/campanha\/servicos-exames\/","title":{"rendered":"Servi\u00e7os &#8211; Exames"},"content":{"rendered":"\t\t<div data-elementor-type=\"wp-page\" data-elementor-id=\"2729\" class=\"elementor elementor-2729\" data-elementor-post-type=\"page\">\n\t\t\t\t<div class=\"elementor-element elementor-element-2caa15f7 e-flex e-con-boxed e-con e-parent\" data-id=\"2caa15f7\" data-element_type=\"container\" data-e-type=\"container\" data-settings=\"{&quot;background_background&quot;:&quot;gradient&quot;}\">\n\t\t\t\t\t<div class=\"e-con-inner\">\n\t\t<div class=\"elementor-element elementor-element-7d545169 e-con-full e-flex e-con e-child\" data-id=\"7d545169\" data-element_type=\"container\" data-e-type=\"container\">\n\t\t\t\t<div class=\"elementor-element elementor-element-44fb525e elementor-invisible elementor-widget elementor-widget-heading\" data-id=\"44fb525e\" data-element_type=\"widget\" data-e-type=\"widget\" data-settings=\"{&quot;_animation&quot;:&quot;fadeIn&quot;}\" data-widget_type=\"heading.default\">\n\t\t\t\t<div class=\"elementor-widget-container\">\n\t\t\t\t\t<h2 class=\"elementor-heading-title elementor-size-default\">Exames Ocupacionais<\/h2>\t\t\t\t<\/div>\n\t\t\t\t<\/div>\n\t\t\t\t<div class=\"elementor-element elementor-element-4c45b14f elementor-align-left elementor-mobile-align-left elementor-widget elementor-widget-button\" data-id=\"4c45b14f\" data-element_type=\"widget\" data-e-type=\"widget\" data-widget_type=\"button.default\">\n\t\t\t\t<div class=\"elementor-widget-container\">\n\t\t\t\t\t\t\t\t\t<div class=\"elementor-button-wrapper\">\n\t\t\t\t\t<a class=\"elementor-button elementor-button-link elementor-size-sm\" href=\"https:\/\/wa.me\/5516996506064\" id=\"orcamentonr1\">\n\t\t\t\t\t\t<span class=\"elementor-button-content-wrapper\">\n\t\t\t\t\t\t\t\t\t<span class=\"elementor-button-text\">Solicite um or\u00e7amento<\/span>\n\t\t\t\t\t<\/span>\n\t\t\t\t\t<\/a>\n\t\t\t\t<\/div>\n\t\t\t\t\t\t\t\t<\/div>\n\t\t\t\t<\/div>\n\t\t\t\t<\/div>\n\t\t\t\t\t<\/div>\n\t\t\t\t<\/div>\n\t\t<div class=\"elementor-element elementor-element-54b7179a e-flex e-con-boxed e-con e-parent\" data-id=\"54b7179a\" data-element_type=\"container\" data-e-type=\"container\">\n\t\t\t\t\t<div class=\"e-con-inner\">\n\t\t<div class=\"elementor-element elementor-element-19c35250 e-con-full e-flex e-con e-child\" data-id=\"19c35250\" data-element_type=\"container\" data-e-type=\"container\">\n\t\t\t\t<div class=\"elementor-element elementor-element-4e842a2e elementor-widget elementor-widget-image\" data-id=\"4e842a2e\" data-element_type=\"widget\" data-e-type=\"widget\" data-widget_type=\"image.default\">\n\t\t\t\t<div class=\"elementor-widget-container\">\n\t\t\t\t\t\t\t\t\t\t\t\t\t\t\t<img decoding=\"async\" src=\"https:\/\/a3medicinadotrabalho.com.br\/campanha\/wp-content\/uploads\/elementor\/thumbs\/A3-MEDICINA-DO-TRABALHO--rjl992rc4who92utt4sllcsz0gjnqnaafted0fft34.jpg\" title=\"SERVI\u00c7OS &#8211; EXAMES\" alt=\"SERVI\u00c7OS - EXAMES\" loading=\"lazy\" \/>\t\t\t\t\t\t\t\t\t\t\t\t\t\t\t<\/div>\n\t\t\t\t<\/div>\n\t\t\t\t<\/div>\n\t\t<div class=\"elementor-element elementor-element-21fa9e60 e-con-full e-flex e-con e-child\" data-id=\"21fa9e60\" data-element_type=\"container\" data-e-type=\"container\">\n\t\t\t\t<div class=\"elementor-element elementor-element-35880151 elementor-widget elementor-widget-image\" data-id=\"35880151\" data-element_type=\"widget\" data-e-type=\"widget\" data-widget_type=\"image.default\">\n\t\t\t\t<div class=\"elementor-widget-container\">\n\t\t\t\t\t\t\t\t\t\t\t\t\t\t\t<img decoding=\"async\" width=\"300\" height=\"105\" src=\"https:\/\/a3medicinadotrabalho.com.br\/campanha\/wp-content\/uploads\/2024\/12\/A3-Medicina-do-trabalho-marca-completa-e1768833689186-300x105.png\" class=\"attachment-medium size-medium wp-image-1570\" alt=\"\" srcset=\"https:\/\/a3medicinadotrabalho.com.br\/campanha\/wp-content\/uploads\/2024\/12\/A3-Medicina-do-trabalho-marca-completa-e1768833689186-300x105.png 300w, https:\/\/a3medicinadotrabalho.com.br\/campanha\/wp-content\/uploads\/2024\/12\/A3-Medicina-do-trabalho-marca-completa-e1768833689186-1024x360.png 1024w, https:\/\/a3medicinadotrabalho.com.br\/campanha\/wp-content\/uploads\/2024\/12\/A3-Medicina-do-trabalho-marca-completa-e1768833689186-768x270.png 768w, https:\/\/a3medicinadotrabalho.com.br\/campanha\/wp-content\/uploads\/2024\/12\/A3-Medicina-do-trabalho-marca-completa-e1768833689186-1536x540.png 1536w, https:\/\/a3medicinadotrabalho.com.br\/campanha\/wp-content\/uploads\/2024\/12\/A3-Medicina-do-trabalho-marca-completa-e1768833689186.png 1805w\" sizes=\"(max-width: 300px) 100vw, 300px\" \/>\t\t\t\t\t\t\t\t\t\t\t\t\t\t\t<\/div>\n\t\t\t\t<\/div>\n\t\t\t\t<div class=\"elementor-element elementor-element-5d63fc8d elementor-widget elementor-widget-text-editor\" data-id=\"5d63fc8d\" data-element_type=\"widget\" data-e-type=\"widget\" data-widget_type=\"text-editor.default\">\n\t\t\t\t<div class=\"elementor-widget-container\">\n\t\t\t\t\t\t\t\t\t<p class=\"big\">O monitoramento da sa\u00fade dos colaboradores \u00e9 parte essencial de uma gest\u00e3o preventiva eficiente. A realiza\u00e7\u00e3o de exames ocupacionais e complementares permite identificar precocemente altera\u00e7\u00f5es relacionadas ao trabalho, acompanhar a aptid\u00e3o dos profissionais para suas fun\u00e7\u00f5es e atender \u00e0s exig\u00eancias legais com seguran\u00e7a e organiza\u00e7\u00e3o.<\/p>\t\t\t\t\t\t\t\t<\/div>\n\t\t\t\t<\/div>\n\t\t\t\t<div class=\"elementor-element elementor-element-5c618614 elementor-widget elementor-widget-heading\" data-id=\"5c618614\" data-element_type=\"widget\" data-e-type=\"widget\" data-widget_type=\"heading.default\">\n\t\t\t\t<div class=\"elementor-widget-container\">\n\t\t\t\t\t<h2 class=\"elementor-heading-title elementor-size-default\">A A3 oferece uma estrutura completa para a realiza\u00e7\u00e3o de exames ocupacionais e avalia\u00e7\u00f5es complementares, garantindo agilidade no atendimento, precis\u00e3o nos resultados e suporte t\u00e9cnico para a tomada de decis\u00e3o das empresas. Nosso foco \u00e9 assegurar que a sa\u00fade do trabalhador seja acompanhada de forma cont\u00ednua, contribuindo para a preven\u00e7\u00e3o de doen\u00e7as ocupacionais, redu\u00e7\u00e3o de afastamentos e maior produtividade.<\/h2>\t\t\t\t<\/div>\n\t\t\t\t<\/div>\n\t\t\t\t<div class=\"elementor-element elementor-element-19181060 elementor-widget elementor-widget-heading\" data-id=\"19181060\" data-element_type=\"widget\" data-e-type=\"widget\" data-widget_type=\"heading.default\">\n\t\t\t\t<div class=\"elementor-widget-container\">\n\t\t\t\t\t<h2 class=\"elementor-heading-title elementor-size-default\">Com processos organizados e integra\u00e7\u00e3o aos programas de Sa\u00fade e Seguran\u00e7a do Trabalho, proporcionamos \u00e0s empresas mais controle, conformidade e tranquilidade na gest\u00e3o da sa\u00fade ocupacional.\n\nConfira abaixo os exames dispon\u00edveis em nosso portf\u00f3lio.\nConfira abaixo os treinamentos dispon\u00edveis no portf\u00f3lio de Seguran\u00e7a do Trabalho da A3.<\/h2>\t\t\t\t<\/div>\n\t\t\t\t<\/div>\n\t\t\t\t<\/div>\n\t\t\t\t\t<\/div>\n\t\t\t\t<\/div>\n\t\t<div class=\"elementor-element elementor-element-98ef3c2 e-flex e-con-boxed e-con e-parent\" data-id=\"98ef3c2\" data-element_type=\"container\" data-e-type=\"container\">\n\t\t\t\t\t<div class=\"e-con-inner\">\n\t\t<div class=\"elementor-element elementor-element-45614751 e-con-full e-flex elementor-invisible e-con e-child\" data-id=\"45614751\" data-element_type=\"container\" data-e-type=\"container\" data-settings=\"{&quot;background_background&quot;:&quot;classic&quot;,&quot;animation&quot;:&quot;slideInLeft&quot;}\">\n\t\t<div class=\"elementor-element elementor-element-3826ff40 e-con-full e-flex e-con e-child\" data-id=\"3826ff40\" data-element_type=\"container\" data-e-type=\"container\" data-settings=\"{&quot;background_background&quot;:&quot;classic&quot;}\">\n\t\t\t\t<div class=\"elementor-element elementor-element-d51d405 elementor-widget elementor-widget-heading\" data-id=\"d51d405\" data-element_type=\"widget\" data-e-type=\"widget\" data-widget_type=\"heading.default\">\n\t\t\t\t<div class=\"elementor-widget-container\">\n\t\t\t\t\t<h2 class=\"elementor-heading-title elementor-size-default\">Exame toxicol\u00f3gico<\/h2>\t\t\t\t<\/div>\n\t\t\t\t<\/div>\n\t\t\t\t<div class=\"elementor-element elementor-element-784d6ccf elementor-widget elementor-widget-text-editor\" data-id=\"784d6ccf\" data-element_type=\"widget\" data-e-type=\"widget\" data-widget_type=\"text-editor.default\">\n\t\t\t\t<div class=\"elementor-widget-container\">\n\t\t\t\t\t\t\t\t\t<p>Detec\u00e7\u00e3o de subst\u00e2ncias psicoativas conforme legisla\u00e7\u00e3o.<\/p>\t\t\t\t\t\t\t\t<\/div>\n\t\t\t\t<\/div>\n\t\t\t\t<\/div>\n\t\t<div class=\"elementor-element elementor-element-19823465 e-con-full e-flex e-con e-child\" data-id=\"19823465\" data-element_type=\"container\" data-e-type=\"container\" data-settings=\"{&quot;background_background&quot;:&quot;classic&quot;}\">\n\t\t\t\t<div class=\"elementor-element elementor-element-28e9cb88 elementor-widget elementor-widget-heading\" data-id=\"28e9cb88\" data-element_type=\"widget\" data-e-type=\"widget\" data-widget_type=\"heading.default\">\n\t\t\t\t<div class=\"elementor-widget-container\">\n\t\t\t\t\t<h2 class=\"elementor-heading-title elementor-size-default\">Audiometria<\/h2>\t\t\t\t<\/div>\n\t\t\t\t<\/div>\n\t\t\t\t<div class=\"elementor-element elementor-element-4221e36d elementor-widget elementor-widget-text-editor\" data-id=\"4221e36d\" data-element_type=\"widget\" data-e-type=\"widget\" data-widget_type=\"text-editor.default\">\n\t\t\t\t<div class=\"elementor-widget-container\">\n\t\t\t\t\t\t\t\t\t<p>Avalia\u00e7\u00e3o da capacidade auditiva.<\/p>\t\t\t\t\t\t\t\t<\/div>\n\t\t\t\t<\/div>\n\t\t\t\t<\/div>\n\t\t<div class=\"elementor-element elementor-element-dd6fee2 e-con-full e-flex e-con e-child\" data-id=\"dd6fee2\" data-element_type=\"container\" data-e-type=\"container\" data-settings=\"{&quot;background_background&quot;:&quot;classic&quot;}\">\n\t\t\t\t<div class=\"elementor-element elementor-element-544b0218 elementor-widget__width-initial elementor-widget elementor-widget-heading\" data-id=\"544b0218\" data-element_type=\"widget\" data-e-type=\"widget\" data-widget_type=\"heading.default\">\n\t\t\t\t<div class=\"elementor-widget-container\">\n\t\t\t\t\t<h2 class=\"elementor-heading-title elementor-size-default\">Espirometria<\/h2>\t\t\t\t<\/div>\n\t\t\t\t<\/div>\n\t\t\t\t<div class=\"elementor-element elementor-element-4a6549cd elementor-widget elementor-widget-text-editor\" data-id=\"4a6549cd\" data-element_type=\"widget\" data-e-type=\"widget\" data-widget_type=\"text-editor.default\">\n\t\t\t\t<div class=\"elementor-widget-container\">\n\t\t\t\t\t\t\t\t\t<p>Avalia\u00e7\u00e3o da fun\u00e7\u00e3o pulmonar.<\/p>\t\t\t\t\t\t\t\t<\/div>\n\t\t\t\t<\/div>\n\t\t\t\t<\/div>\n\t\t<div class=\"elementor-element elementor-element-715746f1 e-con-full e-flex e-con e-child\" data-id=\"715746f1\" data-element_type=\"container\" data-e-type=\"container\" data-settings=\"{&quot;background_background&quot;:&quot;classic&quot;}\">\n\t\t\t\t<div class=\"elementor-element elementor-element-1900dda2 elementor-widget elementor-widget-heading\" data-id=\"1900dda2\" data-element_type=\"widget\" data-e-type=\"widget\" data-widget_type=\"heading.default\">\n\t\t\t\t<div class=\"elementor-widget-container\">\n\t\t\t\t\t<h2 class=\"elementor-heading-title elementor-size-default\">Eletrocardiograma (ECG)<\/h2>\t\t\t\t<\/div>\n\t\t\t\t<\/div>\n\t\t\t\t<div class=\"elementor-element elementor-element-6d57fbc elementor-widget elementor-widget-text-editor\" data-id=\"6d57fbc\" data-element_type=\"widget\" data-e-type=\"widget\" data-widget_type=\"text-editor.default\">\n\t\t\t\t<div class=\"elementor-widget-container\">\n\t\t\t\t\t\t\t\t\t<p>\u00a0Avalia\u00e7\u00e3o da atividade card\u00edaca.<\/p>\t\t\t\t\t\t\t\t<\/div>\n\t\t\t\t<\/div>\n\t\t\t\t<\/div>\n\t\t\t\t<\/div>\n\t\t<div class=\"elementor-element elementor-element-2e8f6793 e-con-full e-flex elementor-invisible e-con e-child\" data-id=\"2e8f6793\" data-element_type=\"container\" data-e-type=\"container\" data-settings=\"{&quot;background_background&quot;:&quot;classic&quot;,&quot;animation&quot;:&quot;slideInRight&quot;}\">\n\t\t<div class=\"elementor-element elementor-element-50108308 e-con-full e-flex e-con e-child\" data-id=\"50108308\" data-element_type=\"container\" data-e-type=\"container\" data-settings=\"{&quot;background_background&quot;:&quot;classic&quot;}\">\n\t\t\t\t<div class=\"elementor-element elementor-element-febe320 elementor-widget elementor-widget-heading\" data-id=\"febe320\" data-element_type=\"widget\" data-e-type=\"widget\" data-widget_type=\"heading.default\">\n\t\t\t\t<div class=\"elementor-widget-container\">\n\t\t\t\t\t<h2 class=\"elementor-heading-title elementor-size-default\">Eletroencefalograma (EEG)<\/h2>\t\t\t\t<\/div>\n\t\t\t\t<\/div>\n\t\t\t\t<div class=\"elementor-element elementor-element-59b21db2 elementor-widget elementor-widget-text-editor\" data-id=\"59b21db2\" data-element_type=\"widget\" data-e-type=\"widget\" data-widget_type=\"text-editor.default\">\n\t\t\t\t<div class=\"elementor-widget-container\">\n\t\t\t\t\t\t\t\t\t<p>Avalia\u00e7\u00e3o da atividade cerebral.<\/p>\t\t\t\t\t\t\t\t<\/div>\n\t\t\t\t<\/div>\n\t\t\t\t<\/div>\n\t\t<div class=\"elementor-element elementor-element-7ec10d41 e-con-full e-flex e-con e-child\" data-id=\"7ec10d41\" data-element_type=\"container\" data-e-type=\"container\" data-settings=\"{&quot;background_background&quot;:&quot;classic&quot;}\">\n\t\t\t\t<div class=\"elementor-element elementor-element-40b40c5 elementor-widget elementor-widget-heading\" data-id=\"40b40c5\" data-element_type=\"widget\" data-e-type=\"widget\" data-widget_type=\"heading.default\">\n\t\t\t\t<div class=\"elementor-widget-container\">\n\t\t\t\t\t<h2 class=\"elementor-heading-title elementor-size-default\">Raio-X (diversas regi\u00f5es)<\/h2>\t\t\t\t<\/div>\n\t\t\t\t<\/div>\n\t\t\t\t<div class=\"elementor-element elementor-element-7de879be elementor-widget elementor-widget-text-editor\" data-id=\"7de879be\" data-element_type=\"widget\" data-e-type=\"widget\" data-widget_type=\"text-editor.default\">\n\t\t\t\t<div class=\"elementor-widget-container\">\n\t\t\t\t\t\t\t\t\t<p>Avalia\u00e7\u00e3o osteomuscular e pulmonar.<\/p>\t\t\t\t\t\t\t\t<\/div>\n\t\t\t\t<\/div>\n\t\t\t\t<\/div>\n\t\t<div class=\"elementor-element elementor-element-7550cf25 e-con-full e-flex e-con e-child\" data-id=\"7550cf25\" data-element_type=\"container\" data-e-type=\"container\" data-settings=\"{&quot;background_background&quot;:&quot;classic&quot;}\">\n\t\t\t\t<div class=\"elementor-element elementor-element-31699fb9 elementor-widget elementor-widget-heading\" data-id=\"31699fb9\" data-element_type=\"widget\" data-e-type=\"widget\" data-widget_type=\"heading.default\">\n\t\t\t\t<div class=\"elementor-widget-container\">\n\t\t\t\t\t<h2 class=\"elementor-heading-title elementor-size-default\">Ultrassonografia<\/h2>\t\t\t\t<\/div>\n\t\t\t\t<\/div>\n\t\t\t\t<div class=\"elementor-element elementor-element-6cf6e9bb elementor-widget elementor-widget-text-editor\" data-id=\"6cf6e9bb\" data-element_type=\"widget\" data-e-type=\"widget\" data-widget_type=\"text-editor.default\">\n\t\t\t\t<div class=\"elementor-widget-container\">\n\t\t\t\t\t\t\t\t\t<p>Avalia\u00e7\u00e3o de \u00f3rg\u00e3os e estruturas.<\/p>\t\t\t\t\t\t\t\t<\/div>\n\t\t\t\t<\/div>\n\t\t\t\t<\/div>\n\t\t<div class=\"elementor-element elementor-element-71ab76ca e-con-full e-flex e-con e-child\" data-id=\"71ab76ca\" data-element_type=\"container\" data-e-type=\"container\" data-settings=\"{&quot;background_background&quot;:&quot;classic&quot;}\">\n\t\t\t\t<div class=\"elementor-element elementor-element-1e9d062e elementor-widget__width-initial elementor-widget elementor-widget-heading\" data-id=\"1e9d062e\" data-element_type=\"widget\" data-e-type=\"widget\" data-widget_type=\"heading.default\">\n\t\t\t\t<div class=\"elementor-widget-container\">\n\t\t\t\t\t<h2 class=\"elementor-heading-title elementor-size-default\">Acuidade Visual<\/h2>\t\t\t\t<\/div>\n\t\t\t\t<\/div>\n\t\t\t\t<div class=\"elementor-element elementor-element-4e8bee60 elementor-widget elementor-widget-text-editor\" data-id=\"4e8bee60\" data-element_type=\"widget\" data-e-type=\"widget\" data-widget_type=\"text-editor.default\">\n\t\t\t\t<div class=\"elementor-widget-container\">\n\t\t\t\t\t\t\t\t\t<p>Avalia\u00e7\u00e3o da vis\u00e3o.<\/p>\t\t\t\t\t\t\t\t<\/div>\n\t\t\t\t<\/div>\n\t\t\t\t<\/div>\n\t\t\t\t<\/div>\n\t\t\t\t\t<\/div>\n\t\t\t\t<\/div>\n\t\t\t\t<\/div>\n\t\t","protected":false},"excerpt":{"rendered":"<p>Exames Ocupacionais Solicite um or\u00e7amento O monitoramento da sa\u00fade dos colaboradores \u00e9 parte essencial de uma gest\u00e3o preventiva eficiente. A realiza\u00e7\u00e3o de exames ocupacionais e complementares permite identificar precocemente altera\u00e7\u00f5es relacionadas ao trabalho, acompanhar a aptid\u00e3o dos profissionais para suas fun\u00e7\u00f5es e atender \u00e0s exig\u00eancias legais com seguran\u00e7a e organiza\u00e7\u00e3o. A A3 oferece uma estrutura [&hellip;]<\/p>\n","protected":false},"author":1,"featured_media":0,"parent":0,"menu_order":0,"comment_status":"closed","ping_status":"closed","template":"elementor_header_footer","meta":{"footnotes":""},"class_list":["post-2729","page","type-page","status-publish","hentry"],"_links":{"self":[{"href":"https:\/\/a3medicinadotrabalho.com.br\/campanha\/wp-json\/wp\/v2\/pages\/2729","targetHints":{"allow":["GET"]}}],"collection":[{"href":"https:\/\/a3medicinadotrabalho.com.br\/campanha\/wp-json\/wp\/v2\/pages"}],"about":[{"href":"https:\/\/a3medicinadotrabalho.com.br\/campanha\/wp-json\/wp\/v2\/types\/page"}],"author":[{"embeddable":true,"href":"https:\/\/a3medicinadotrabalho.com.br\/campanha\/wp-json\/wp\/v2\/users\/1"}],"replies":[{"embeddable":true,"href":"https:\/\/a3medicinadotrabalho.com.br\/campanha\/wp-json\/wp\/v2\/comments?post=2729"}],"version-history":[{"count":4,"href":"https:\/\/a3medicinadotrabalho.com.br\/campanha\/wp-json\/wp\/v2\/pages\/2729\/revisions"}],"predecessor-version":[{"id":2734,"href":"https:\/\/a3medicinadotrabalho.com.br\/campanha\/wp-json\/wp\/v2\/pages\/2729\/revisions\/2734"}],"wp:attachment":[{"href":"https:\/\/a3medicinadotrabalho.com.br\/campanha\/wp-json\/wp\/v2\/media?parent=2729"}],"curies":[{"name":"wp","href":"https:\/\/api.w.org\/{rel}","templated":true}]}}