{"id":2694,"date":"2026-02-23T13:20:26","date_gmt":"2026-02-23T16:20:26","guid":{"rendered":"https:\/\/a3medicinadotrabalho.com.br\/campanha\/?page_id=2694"},"modified":"2026-02-23T15:22:49","modified_gmt":"2026-02-23T18:22:49","slug":"servicos-seguranca-do-trabalho","status":"publish","type":"page","link":"https:\/\/a3medicinadotrabalho.com.br\/campanha\/servicos-seguranca-do-trabalho\/","title":{"rendered":"Servi\u00e7os &#8211; Seguran\u00e7a do Trabalho"},"content":{"rendered":"\t\t<div data-elementor-type=\"wp-page\" data-elementor-id=\"2694\" class=\"elementor elementor-2694\" data-elementor-post-type=\"page\">\n\t\t\t\t<div class=\"elementor-element elementor-element-5ba8be41 e-flex e-con-boxed e-con e-parent\" data-id=\"5ba8be41\" data-element_type=\"container\" data-e-type=\"container\" data-settings=\"{&quot;background_background&quot;:&quot;gradient&quot;}\">\n\t\t\t\t\t<div class=\"e-con-inner\">\n\t\t<div class=\"elementor-element elementor-element-58d2428e e-con-full e-flex e-con e-child\" data-id=\"58d2428e\" data-element_type=\"container\" data-e-type=\"container\">\n\t\t\t\t<div class=\"elementor-element elementor-element-55f64a13 elementor-invisible elementor-widget elementor-widget-heading\" data-id=\"55f64a13\" data-element_type=\"widget\" data-e-type=\"widget\" data-settings=\"{&quot;_animation&quot;:&quot;fadeIn&quot;}\" data-widget_type=\"heading.default\">\n\t\t\t\t<div class=\"elementor-widget-container\">\n\t\t\t\t\t<h2 class=\"elementor-heading-title elementor-size-default\">Seguran\u00e7a do Trabalho<\/h2>\t\t\t\t<\/div>\n\t\t\t\t<\/div>\n\t\t\t\t<div class=\"elementor-element elementor-element-5557138b elementor-align-left elementor-mobile-align-left elementor-widget elementor-widget-button\" data-id=\"5557138b\" data-element_type=\"widget\" data-e-type=\"widget\" data-widget_type=\"button.default\">\n\t\t\t\t<div class=\"elementor-widget-container\">\n\t\t\t\t\t\t\t\t\t<div class=\"elementor-button-wrapper\">\n\t\t\t\t\t<a class=\"elementor-button elementor-button-link elementor-size-sm\" href=\"https:\/\/wa.me\/5516996506064\" id=\"orcamentonr1\">\n\t\t\t\t\t\t<span class=\"elementor-button-content-wrapper\">\n\t\t\t\t\t\t\t\t\t<span class=\"elementor-button-text\">Solicite um or\u00e7amento<\/span>\n\t\t\t\t\t<\/span>\n\t\t\t\t\t<\/a>\n\t\t\t\t<\/div>\n\t\t\t\t\t\t\t\t<\/div>\n\t\t\t\t<\/div>\n\t\t\t\t<\/div>\n\t\t\t\t\t<\/div>\n\t\t\t\t<\/div>\n\t\t<div class=\"elementor-element elementor-element-80e70a2 e-flex e-con-boxed e-con e-parent\" data-id=\"80e70a2\" data-element_type=\"container\" data-e-type=\"container\">\n\t\t\t\t\t<div class=\"e-con-inner\">\n\t\t<div class=\"elementor-element elementor-element-a93c4de e-con-full e-flex e-con e-child\" data-id=\"a93c4de\" data-element_type=\"container\" data-e-type=\"container\">\n\t\t\t\t<div class=\"elementor-element elementor-element-2615ec6 elementor-widget elementor-widget-image\" data-id=\"2615ec6\" data-element_type=\"widget\" data-e-type=\"widget\" data-widget_type=\"image.default\">\n\t\t\t\t<div class=\"elementor-widget-container\">\n\t\t\t\t\t\t\t\t\t\t\t\t\t\t\t<img decoding=\"async\" src=\"https:\/\/a3medicinadotrabalho.com.br\/campanha\/wp-content\/uploads\/elementor\/thumbs\/SERVICO-SEGURANCA-DO-TRABALHO-rjl8dm3tdjf5myk2j175msmj75md3ddqg3a9q037cw.jpg\" title=\"SERVI\u00c7O &#8211; SEGURAN\u00c7A DO TRABALHO\" alt=\"SERVI\u00c7O - SEGURAN\u00c7A DO TRABALHO\" loading=\"lazy\" \/>\t\t\t\t\t\t\t\t\t\t\t\t\t\t\t<\/div>\n\t\t\t\t<\/div>\n\t\t\t\t<\/div>\n\t\t<div class=\"elementor-element elementor-element-545a915 e-con-full e-flex e-con e-child\" data-id=\"545a915\" data-element_type=\"container\" data-e-type=\"container\">\n\t\t\t\t<div class=\"elementor-element elementor-element-35e17dc3 elementor-widget elementor-widget-image\" data-id=\"35e17dc3\" data-element_type=\"widget\" data-e-type=\"widget\" data-widget_type=\"image.default\">\n\t\t\t\t<div class=\"elementor-widget-container\">\n\t\t\t\t\t\t\t\t\t\t\t\t\t\t\t<img decoding=\"async\" width=\"300\" height=\"105\" src=\"https:\/\/a3medicinadotrabalho.com.br\/campanha\/wp-content\/uploads\/2024\/12\/A3-Medicina-do-trabalho-marca-completa-e1768833689186-300x105.png\" class=\"attachment-medium size-medium wp-image-1570\" alt=\"\" srcset=\"https:\/\/a3medicinadotrabalho.com.br\/campanha\/wp-content\/uploads\/2024\/12\/A3-Medicina-do-trabalho-marca-completa-e1768833689186-300x105.png 300w, https:\/\/a3medicinadotrabalho.com.br\/campanha\/wp-content\/uploads\/2024\/12\/A3-Medicina-do-trabalho-marca-completa-e1768833689186-1024x360.png 1024w, https:\/\/a3medicinadotrabalho.com.br\/campanha\/wp-content\/uploads\/2024\/12\/A3-Medicina-do-trabalho-marca-completa-e1768833689186-768x270.png 768w, https:\/\/a3medicinadotrabalho.com.br\/campanha\/wp-content\/uploads\/2024\/12\/A3-Medicina-do-trabalho-marca-completa-e1768833689186-1536x540.png 1536w, https:\/\/a3medicinadotrabalho.com.br\/campanha\/wp-content\/uploads\/2024\/12\/A3-Medicina-do-trabalho-marca-completa-e1768833689186.png 1805w\" sizes=\"(max-width: 300px) 100vw, 300px\" \/>\t\t\t\t\t\t\t\t\t\t\t\t\t\t\t<\/div>\n\t\t\t\t<\/div>\n\t\t\t\t<div class=\"elementor-element elementor-element-18878bb1 elementor-widget elementor-widget-heading\" data-id=\"18878bb1\" data-element_type=\"widget\" data-e-type=\"widget\" data-widget_type=\"heading.default\">\n\t\t\t\t<div class=\"elementor-widget-container\">\n\t\t\t\t\t<h2 class=\"elementor-heading-title elementor-size-default\">Para a A3, seguran\u00e7a do trabalho n\u00e3o \u00e9 apenas uma exig\u00eancia legal, \u00e9 um compromisso direto com a prote\u00e7\u00e3o das pessoas, a sustentabilidade das opera\u00e7\u00f5es e a redu\u00e7\u00e3o real de riscos dentro das empresas.<\/h2>\t\t\t\t<\/div>\n\t\t\t\t<\/div>\n\t\t\t\t<div class=\"elementor-element elementor-element-63331f8f elementor-widget elementor-widget-text-editor\" data-id=\"63331f8f\" data-element_type=\"widget\" data-e-type=\"widget\" data-widget_type=\"text-editor.default\">\n\t\t\t\t<div class=\"elementor-widget-container\">\n\t\t\t\t\t\t\t\t\t<p>Nosso portf\u00f3lio em Sa\u00fade e Seguran\u00e7a do Trabalho (SST) foi estruturado para atender organiza\u00e7\u00f5es que buscam mais do que documentos: querem clareza sobre seus riscos, conformidade com as normas e decis\u00f5es t\u00e9cnicas que realmente previnem acidentes e afastamentos. Atuamos de forma estrat\u00e9gica e personalizada, realizando o mapeamento completo dos riscos ocupacionais, a elabora\u00e7\u00e3o de programas e laudos t\u00e9cnicos, al\u00e9m do suporte necess\u00e1rio para que a empresa transforme exig\u00eancias legais em processos organizados, seguros e audit\u00e1veis. Por meio de uma abordagem t\u00e9cnica, atualizada e alinhada \u00e0s NRs e \u00e0s exig\u00eancias previdenci\u00e1rias, a A3 oferece solu\u00e7\u00f5es que fortalecem a cultura de preven\u00e7\u00e3o, reduzem passivos trabalhistas e garantem maior tranquilidade para gestores e colaboradores.<\/p>\t\t\t\t\t\t\t\t<\/div>\n\t\t\t\t<\/div>\n\t\t\t\t<div class=\"elementor-element elementor-element-6239692a elementor-widget elementor-widget-heading\" data-id=\"6239692a\" data-element_type=\"widget\" data-e-type=\"widget\" data-widget_type=\"heading.default\">\n\t\t\t\t<div class=\"elementor-widget-container\">\n\t\t\t\t\t<h2 class=\"elementor-heading-title elementor-size-default\">Conhe\u00e7a abaixo os principais documentos e servi\u00e7os que comp\u00f5em nosso portf\u00f3lio de Seguran\u00e7a do Trabalho:<\/h2>\t\t\t\t<\/div>\n\t\t\t\t<\/div>\n\t\t\t\t<\/div>\n\t\t\t\t\t<\/div>\n\t\t\t\t<\/div>\n\t\t<div class=\"elementor-element elementor-element-2135a2c5 e-flex e-con-boxed e-con e-parent\" data-id=\"2135a2c5\" data-element_type=\"container\" data-e-type=\"container\">\n\t\t\t\t\t<div class=\"e-con-inner\">\n\t\t<div class=\"elementor-element elementor-element-50e2621a e-con-full e-flex elementor-invisible e-con e-child\" data-id=\"50e2621a\" data-element_type=\"container\" data-e-type=\"container\" data-settings=\"{&quot;background_background&quot;:&quot;classic&quot;,&quot;animation&quot;:&quot;slideInLeft&quot;}\">\n\t\t<div class=\"elementor-element elementor-element-5bc5c1b9 e-con-full e-flex e-con e-child\" data-id=\"5bc5c1b9\" data-element_type=\"container\" data-e-type=\"container\" data-settings=\"{&quot;background_background&quot;:&quot;classic&quot;}\">\n\t\t\t\t<div class=\"elementor-element elementor-element-19f30191 elementor-widget elementor-widget-heading\" data-id=\"19f30191\" data-element_type=\"widget\" data-e-type=\"widget\" data-widget_type=\"heading.default\">\n\t\t\t\t<div class=\"elementor-widget-container\">\n\t\t\t\t\t<h2 class=\"elementor-heading-title elementor-size-default\">PGR (Programa de Gerenciamento de Riscos)<\/h2>\t\t\t\t<\/div>\n\t\t\t\t<\/div>\n\t\t\t\t<div class=\"elementor-element elementor-element-3ff0621c elementor-widget elementor-widget-text-editor\" data-id=\"3ff0621c\" data-element_type=\"widget\" data-e-type=\"widget\" data-widget_type=\"text-editor.default\">\n\t\t\t\t<div class=\"elementor-widget-container\">\n\t\t\t\t\t\t\t\t\t<p>Documento que identifica, avalia e controla riscos ocupacionais.<\/p>\t\t\t\t\t\t\t\t<\/div>\n\t\t\t\t<\/div>\n\t\t\t\t<\/div>\n\t\t<div class=\"elementor-element elementor-element-3772464a e-con-full e-flex e-con e-child\" data-id=\"3772464a\" data-element_type=\"container\" data-e-type=\"container\" data-settings=\"{&quot;background_background&quot;:&quot;classic&quot;}\">\n\t\t\t\t<div class=\"elementor-element elementor-element-b57f0de elementor-widget elementor-widget-heading\" data-id=\"b57f0de\" data-element_type=\"widget\" data-e-type=\"widget\" data-widget_type=\"heading.default\">\n\t\t\t\t<div class=\"elementor-widget-container\">\n\t\t\t\t\t<h2 class=\"elementor-heading-title elementor-size-default\">Invent\u00e1rio de Riscos<\/h2>\t\t\t\t<\/div>\n\t\t\t\t<\/div>\n\t\t\t\t<div class=\"elementor-element elementor-element-1b56a9c4 elementor-widget elementor-widget-text-editor\" data-id=\"1b56a9c4\" data-element_type=\"widget\" data-e-type=\"widget\" data-widget_type=\"text-editor.default\">\n\t\t\t\t<div class=\"elementor-widget-container\">\n\t\t\t\t\t\t\t\t\t<p>Mapeamento detalhado dos agentes f\u00edsicos, qu\u00edmicos, biol\u00f3gicos, ergon\u00f4micos e de acidentes.<\/p>\t\t\t\t\t\t\t\t<\/div>\n\t\t\t\t<\/div>\n\t\t\t\t<\/div>\n\t\t<div class=\"elementor-element elementor-element-43ed4cc7 e-con-full e-flex e-con e-child\" data-id=\"43ed4cc7\" data-element_type=\"container\" data-e-type=\"container\" data-settings=\"{&quot;background_background&quot;:&quot;classic&quot;}\">\n\t\t\t\t<div class=\"elementor-element elementor-element-4284585f elementor-widget__width-initial elementor-widget elementor-widget-heading\" data-id=\"4284585f\" data-element_type=\"widget\" data-e-type=\"widget\" data-widget_type=\"heading.default\">\n\t\t\t\t<div class=\"elementor-widget-container\">\n\t\t\t\t\t<h2 class=\"elementor-heading-title elementor-size-default\">Plano de A\u00e7\u00e3o em SST<\/h2>\t\t\t\t<\/div>\n\t\t\t\t<\/div>\n\t\t\t\t<div class=\"elementor-element elementor-element-4f8b8846 elementor-widget elementor-widget-text-editor\" data-id=\"4f8b8846\" data-element_type=\"widget\" data-e-type=\"widget\" data-widget_type=\"text-editor.default\">\n\t\t\t\t<div class=\"elementor-widget-container\">\n\t\t\t\t\t\t\t\t\t<p>\u00a0Defini\u00e7\u00e3o de medidas preventivas, corretivas e de controle.<\/p>\t\t\t\t\t\t\t\t<\/div>\n\t\t\t\t<\/div>\n\t\t\t\t<\/div>\n\t\t<div class=\"elementor-element elementor-element-15f892e8 e-con-full e-flex e-con e-child\" data-id=\"15f892e8\" data-element_type=\"container\" data-e-type=\"container\" data-settings=\"{&quot;background_background&quot;:&quot;classic&quot;}\">\n\t\t\t\t<div class=\"elementor-element elementor-element-6e569d91 elementor-widget elementor-widget-heading\" data-id=\"6e569d91\" data-element_type=\"widget\" data-e-type=\"widget\" data-widget_type=\"heading.default\">\n\t\t\t\t<div class=\"elementor-widget-container\">\n\t\t\t\t\t<h2 class=\"elementor-heading-title elementor-size-default\">AET (An\u00e1lise Ergon\u00f4mica do Trabalho)<\/h2>\t\t\t\t<\/div>\n\t\t\t\t<\/div>\n\t\t\t\t<div class=\"elementor-element elementor-element-28ca9c68 elementor-widget elementor-widget-text-editor\" data-id=\"28ca9c68\" data-element_type=\"widget\" data-e-type=\"widget\" data-widget_type=\"text-editor.default\">\n\t\t\t\t<div class=\"elementor-widget-container\">\n\t\t\t\t\t\t\t\t\t<p>Avalia\u00e7\u00e3o t\u00e9cnica das condi\u00e7\u00f5es ergon\u00f4micas das atividades.<\/p>\t\t\t\t\t\t\t\t<\/div>\n\t\t\t\t<\/div>\n\t\t\t\t<\/div>\n\t\t\t\t<\/div>\n\t\t<div class=\"elementor-element elementor-element-24a923d1 e-con-full e-flex elementor-invisible e-con e-child\" data-id=\"24a923d1\" data-element_type=\"container\" data-e-type=\"container\" data-settings=\"{&quot;background_background&quot;:&quot;classic&quot;,&quot;animation&quot;:&quot;slideInRight&quot;}\">\n\t\t<div class=\"elementor-element elementor-element-4e898c5 e-con-full e-flex e-con e-child\" data-id=\"4e898c5\" data-element_type=\"container\" data-e-type=\"container\" data-settings=\"{&quot;background_background&quot;:&quot;classic&quot;}\">\n\t\t\t\t<div class=\"elementor-element elementor-element-944eaae elementor-widget elementor-widget-heading\" data-id=\"944eaae\" data-element_type=\"widget\" data-e-type=\"widget\" data-widget_type=\"heading.default\">\n\t\t\t\t<div class=\"elementor-widget-container\">\n\t\t\t\t\t<h2 class=\"elementor-heading-title elementor-size-default\">APR (An\u00e1lise Preliminar de Risco)<\/h2>\t\t\t\t<\/div>\n\t\t\t\t<\/div>\n\t\t\t\t<div class=\"elementor-element elementor-element-01cdbc8 elementor-widget elementor-widget-text-editor\" data-id=\"01cdbc8\" data-element_type=\"widget\" data-e-type=\"widget\" data-widget_type=\"text-editor.default\">\n\t\t\t\t<div class=\"elementor-widget-container\">\n\t\t\t\t\t\t\t\t\t<p>Identifica\u00e7\u00e3o antecipada de riscos antes da execu\u00e7\u00e3o das atividades.<\/p>\t\t\t\t\t\t\t\t<\/div>\n\t\t\t\t<\/div>\n\t\t\t\t<\/div>\n\t\t<div class=\"elementor-element elementor-element-46cd3e00 e-con-full e-flex e-con e-child\" data-id=\"46cd3e00\" data-element_type=\"container\" data-e-type=\"container\" data-settings=\"{&quot;background_background&quot;:&quot;classic&quot;}\">\n\t\t\t\t<div class=\"elementor-element elementor-element-1706ddfc elementor-widget elementor-widget-heading\" data-id=\"1706ddfc\" data-element_type=\"widget\" data-e-type=\"widget\" data-widget_type=\"heading.default\">\n\t\t\t\t<div class=\"elementor-widget-container\">\n\t\t\t\t\t<h2 class=\"elementor-heading-title elementor-size-default\">LTCAT<\/h2>\t\t\t\t<\/div>\n\t\t\t\t<\/div>\n\t\t\t\t<div class=\"elementor-element elementor-element-4b8f630f elementor-widget elementor-widget-text-editor\" data-id=\"4b8f630f\" data-element_type=\"widget\" data-e-type=\"widget\" data-widget_type=\"text-editor.default\">\n\t\t\t\t<div class=\"elementor-widget-container\">\n\t\t\t\t\t\t\t\t\t<p>Laudo t\u00e9cnico para fins previdenci\u00e1rios e aposentadoria especial.<\/p>\t\t\t\t\t\t\t\t<\/div>\n\t\t\t\t<\/div>\n\t\t\t\t<\/div>\n\t\t<div class=\"elementor-element elementor-element-51675730 e-con-full e-flex e-con e-child\" data-id=\"51675730\" data-element_type=\"container\" data-e-type=\"container\" data-settings=\"{&quot;background_background&quot;:&quot;classic&quot;}\">\n\t\t\t\t<div class=\"elementor-element elementor-element-60da2c30 elementor-widget elementor-widget-heading\" data-id=\"60da2c30\" data-element_type=\"widget\" data-e-type=\"widget\" data-widget_type=\"heading.default\">\n\t\t\t\t<div class=\"elementor-widget-container\">\n\t\t\t\t\t<h2 class=\"elementor-heading-title elementor-size-default\">CAT (Comunica\u00e7\u00e3o de Acidente de Trabalho)<\/h2>\t\t\t\t<\/div>\n\t\t\t\t<\/div>\n\t\t\t\t<div class=\"elementor-element elementor-element-6d7a58eb elementor-widget elementor-widget-text-editor\" data-id=\"6d7a58eb\" data-element_type=\"widget\" data-e-type=\"widget\" data-widget_type=\"text-editor.default\">\n\t\t\t\t<div class=\"elementor-widget-container\">\n\t\t\t\t\t\t\t\t\t<p>Registro legal de acidentes e doen\u00e7as ocupacionais.<\/p>\t\t\t\t\t\t\t\t<\/div>\n\t\t\t\t<\/div>\n\t\t\t\t<\/div>\n\t\t\t\t<\/div>\n\t\t\t\t\t<\/div>\n\t\t\t\t<\/div>\n\t\t\t\t<\/div>\n\t\t","protected":false},"excerpt":{"rendered":"<p>Seguran\u00e7a do Trabalho Solicite um or\u00e7amento Para a A3, seguran\u00e7a do trabalho n\u00e3o \u00e9 apenas uma exig\u00eancia legal, \u00e9 um compromisso direto com a prote\u00e7\u00e3o das pessoas, a sustentabilidade das opera\u00e7\u00f5es e a redu\u00e7\u00e3o real de riscos dentro das empresas. Nosso portf\u00f3lio em Sa\u00fade e Seguran\u00e7a do Trabalho (SST) foi estruturado para atender organiza\u00e7\u00f5es que [&hellip;]<\/p>\n","protected":false},"author":1,"featured_media":0,"parent":0,"menu_order":0,"comment_status":"closed","ping_status":"closed","template":"elementor_header_footer","meta":{"footnotes":""},"class_list":["post-2694","page","type-page","status-publish","hentry"],"_links":{"self":[{"href":"https:\/\/a3medicinadotrabalho.com.br\/campanha\/wp-json\/wp\/v2\/pages\/2694","targetHints":{"allow":["GET"]}}],"collection":[{"href":"https:\/\/a3medicinadotrabalho.com.br\/campanha\/wp-json\/wp\/v2\/pages"}],"about":[{"href":"https:\/\/a3medicinadotrabalho.com.br\/campanha\/wp-json\/wp\/v2\/types\/page"}],"author":[{"embeddable":true,"href":"https:\/\/a3medicinadotrabalho.com.br\/campanha\/wp-json\/wp\/v2\/users\/1"}],"replies":[{"embeddable":true,"href":"https:\/\/a3medicinadotrabalho.com.br\/campanha\/wp-json\/wp\/v2\/comments?post=2694"}],"version-history":[{"count":7,"href":"https:\/\/a3medicinadotrabalho.com.br\/campanha\/wp-json\/wp\/v2\/pages\/2694\/revisions"}],"predecessor-version":[{"id":2724,"href":"https:\/\/a3medicinadotrabalho.com.br\/campanha\/wp-json\/wp\/v2\/pages\/2694\/revisions\/2724"}],"wp:attachment":[{"href":"https:\/\/a3medicinadotrabalho.com.br\/campanha\/wp-json\/wp\/v2\/media?parent=2694"}],"curies":[{"name":"wp","href":"https:\/\/api.w.org\/{rel}","templated":true}]}}