{"id":2621,"date":"2026-02-21T15:38:11","date_gmt":"2026-02-21T18:38:11","guid":{"rendered":"https:\/\/a3medicinadotrabalho.com.br\/campanha\/?page_id=2621"},"modified":"2026-03-04T12:33:49","modified_gmt":"2026-03-04T15:33:49","slug":"servicos-medicina-do-trabalho","status":"publish","type":"page","link":"https:\/\/a3medicinadotrabalho.com.br\/campanha\/servicos-medicina-do-trabalho\/","title":{"rendered":"Servi\u00e7os &#8211; Medicina do Trabalho"},"content":{"rendered":"\t\t<div data-elementor-type=\"wp-page\" data-elementor-id=\"2621\" class=\"elementor elementor-2621\" data-elementor-post-type=\"page\">\n\t\t\t\t<div class=\"elementor-element elementor-element-723916a4 e-flex e-con-boxed e-con e-parent\" data-id=\"723916a4\" data-element_type=\"container\" data-e-type=\"container\" data-settings=\"{&quot;background_background&quot;:&quot;gradient&quot;}\">\n\t\t\t\t\t<div class=\"e-con-inner\">\n\t\t<div class=\"elementor-element elementor-element-d311359 e-con-full e-flex e-con e-child\" data-id=\"d311359\" data-element_type=\"container\" data-e-type=\"container\">\n\t\t\t\t<div class=\"elementor-element elementor-element-6ced1e17 elementor-invisible elementor-widget elementor-widget-heading\" data-id=\"6ced1e17\" data-element_type=\"widget\" data-e-type=\"widget\" data-settings=\"{&quot;_animation&quot;:&quot;fadeIn&quot;}\" data-widget_type=\"heading.default\">\n\t\t\t\t<div class=\"elementor-widget-container\">\n\t\t\t\t\t<h2 class=\"elementor-heading-title elementor-size-default\">Medicina do Trabalho<\/h2>\t\t\t\t<\/div>\n\t\t\t\t<\/div>\n\t\t\t\t<div class=\"elementor-element elementor-element-7d74b894 elementor-align-left elementor-mobile-align-left elementor-widget elementor-widget-button\" data-id=\"7d74b894\" data-element_type=\"widget\" data-e-type=\"widget\" data-widget_type=\"button.default\">\n\t\t\t\t<div class=\"elementor-widget-container\">\n\t\t\t\t\t\t\t\t\t<div class=\"elementor-button-wrapper\">\n\t\t\t\t\t<a class=\"elementor-button elementor-button-link elementor-size-sm\" href=\"https:\/\/wa.me\/5516996506064\" id=\"orcamentonr1\">\n\t\t\t\t\t\t<span class=\"elementor-button-content-wrapper\">\n\t\t\t\t\t\t\t\t\t<span class=\"elementor-button-text\">Solicite um or\u00e7amento<\/span>\n\t\t\t\t\t<\/span>\n\t\t\t\t\t<\/a>\n\t\t\t\t<\/div>\n\t\t\t\t\t\t\t\t<\/div>\n\t\t\t\t<\/div>\n\t\t\t\t<\/div>\n\t\t\t\t\t<\/div>\n\t\t\t\t<\/div>\n\t\t<div class=\"elementor-element elementor-element-a0e0b4a e-flex e-con-boxed e-con e-parent\" data-id=\"a0e0b4a\" data-element_type=\"container\" data-e-type=\"container\">\n\t\t\t\t\t<div class=\"e-con-inner\">\n\t\t<div class=\"elementor-element elementor-element-20ab990 e-con-full e-flex e-con e-child\" data-id=\"20ab990\" data-element_type=\"container\" data-e-type=\"container\">\n\t\t\t\t<div class=\"elementor-element elementor-element-abe0a99 elementor-widget elementor-widget-image\" data-id=\"abe0a99\" data-element_type=\"widget\" data-e-type=\"widget\" data-widget_type=\"image.default\">\n\t\t\t\t<div class=\"elementor-widget-container\">\n\t\t\t\t\t\t\t\t\t\t\t\t\t\t\t<img decoding=\"async\" src=\"https:\/\/a3medicinadotrabalho.com.br\/campanha\/wp-content\/uploads\/elementor\/thumbs\/SERVICOS-MEDICINA-DO-TRABALHO-rjl8j4frfky3837p0u8z7sqs5m0lxm9wxvfvyfe6m8.jpg\" title=\"SERVI\u00c7OS &#8211; MEDICINA DO TRABALHO\" alt=\"SERVI\u00c7OS - MEDICINA DO TRABALHO\" loading=\"lazy\" \/>\t\t\t\t\t\t\t\t\t\t\t\t\t\t\t<\/div>\n\t\t\t\t<\/div>\n\t\t\t\t<\/div>\n\t\t<div class=\"elementor-element elementor-element-1db5754 e-con-full e-flex e-con e-child\" data-id=\"1db5754\" data-element_type=\"container\" data-e-type=\"container\">\n\t\t\t\t<div class=\"elementor-element elementor-element-f01d415 elementor-widget elementor-widget-image\" data-id=\"f01d415\" data-element_type=\"widget\" data-e-type=\"widget\" data-widget_type=\"image.default\">\n\t\t\t\t<div class=\"elementor-widget-container\">\n\t\t\t\t\t\t\t\t\t\t\t\t\t\t\t<img decoding=\"async\" width=\"300\" height=\"105\" src=\"https:\/\/a3medicinadotrabalho.com.br\/campanha\/wp-content\/uploads\/2024\/12\/A3-Medicina-do-trabalho-marca-completa-e1768833689186-300x105.png\" class=\"attachment-medium size-medium wp-image-1570\" alt=\"\" srcset=\"https:\/\/a3medicinadotrabalho.com.br\/campanha\/wp-content\/uploads\/2024\/12\/A3-Medicina-do-trabalho-marca-completa-e1768833689186-300x105.png 300w, https:\/\/a3medicinadotrabalho.com.br\/campanha\/wp-content\/uploads\/2024\/12\/A3-Medicina-do-trabalho-marca-completa-e1768833689186-1024x360.png 1024w, https:\/\/a3medicinadotrabalho.com.br\/campanha\/wp-content\/uploads\/2024\/12\/A3-Medicina-do-trabalho-marca-completa-e1768833689186-768x270.png 768w, https:\/\/a3medicinadotrabalho.com.br\/campanha\/wp-content\/uploads\/2024\/12\/A3-Medicina-do-trabalho-marca-completa-e1768833689186-1536x540.png 1536w, https:\/\/a3medicinadotrabalho.com.br\/campanha\/wp-content\/uploads\/2024\/12\/A3-Medicina-do-trabalho-marca-completa-e1768833689186.png 1805w\" sizes=\"(max-width: 300px) 100vw, 300px\" \/>\t\t\t\t\t\t\t\t\t\t\t\t\t\t\t<\/div>\n\t\t\t\t<\/div>\n\t\t\t\t<div class=\"elementor-element elementor-element-285118e elementor-widget elementor-widget-heading\" data-id=\"285118e\" data-element_type=\"widget\" data-e-type=\"widget\" data-widget_type=\"heading.default\">\n\t\t\t\t<div class=\"elementor-widget-container\">\n\t\t\t\t\t<h2 class=\"elementor-heading-title elementor-size-default\">Na A3 Per\u00edcia M\u00e9dica e Medicina do Trabalho, oferecemos servi\u00e7os especializados em medicina do trabalho, com o objetivo de promover a sa\u00fade e a seguran\u00e7a dos colaboradores no ambiente laboral. Com uma equipe altamente capacitada e experiente, nossa empresa \u00e9 reconhecida por sua excel\u00eancia e compromisso em fornecer solu\u00e7\u00f5es abrangentes e personalizadas para empresas de diversos setores.<\/h2>\t\t\t\t<\/div>\n\t\t\t\t<\/div>\n\t\t\t\t<div class=\"elementor-element elementor-element-1954000 elementor-widget elementor-widget-text-editor\" data-id=\"1954000\" data-element_type=\"widget\" data-e-type=\"widget\" data-widget_type=\"text-editor.default\">\n\t\t\t\t<div class=\"elementor-widget-container\">\n\t\t\t\t\t\t\t\t\t<p class=\"big\">A medicina do trabalho desempenha um papel crucial na preven\u00e7\u00e3o de acidentes e doen\u00e7as ocupacionais, al\u00e9m de promover um ambiente de trabalho saud\u00e1vel e produtivo. Nossos profissionais t\u00eam expertise em avaliar e gerenciar os riscos ocupacionais, analisar as condi\u00e7\u00f5es de trabalho e desenvolver programas de controle m\u00e9dico e sa\u00fade ocupacional para atender \u00e0s necessidades espec\u00edficas de cada organiza\u00e7\u00e3o.<\/p>\t\t\t\t\t\t\t\t<\/div>\n\t\t\t\t<\/div>\n\t\t\t\t<div class=\"elementor-element elementor-element-5c48525 elementor-widget elementor-widget-heading\" data-id=\"5c48525\" data-element_type=\"widget\" data-e-type=\"widget\" data-widget_type=\"heading.default\">\n\t\t\t\t<div class=\"elementor-widget-container\">\n\t\t\t\t\t<h2 class=\"elementor-heading-title elementor-size-default\">Com vasta experi\u00eancia e conhecimento s\u00f3lido, somos especialistas em uma variedade de servi\u00e7os, incluindo:<\/h2>\t\t\t\t<\/div>\n\t\t\t\t<\/div>\n\t\t\t\t<\/div>\n\t\t\t\t\t<\/div>\n\t\t\t\t<\/div>\n\t\t<div class=\"elementor-element elementor-element-3b2d93b e-flex e-con-boxed e-con e-parent\" data-id=\"3b2d93b\" data-element_type=\"container\" data-e-type=\"container\">\n\t\t\t\t\t<div class=\"e-con-inner\">\n\t\t<div class=\"elementor-element elementor-element-b9a4f9a e-con-full e-flex elementor-invisible e-con e-child\" data-id=\"b9a4f9a\" data-element_type=\"container\" data-e-type=\"container\" data-settings=\"{&quot;background_background&quot;:&quot;classic&quot;,&quot;animation&quot;:&quot;slideInLeft&quot;}\">\n\t\t<div class=\"elementor-element elementor-element-ae5518a e-con-full e-flex e-con e-child\" data-id=\"ae5518a\" data-element_type=\"container\" data-e-type=\"container\" data-settings=\"{&quot;background_background&quot;:&quot;classic&quot;}\">\n\t\t\t\t<div class=\"elementor-element elementor-element-3062c29 elementor-widget elementor-widget-heading\" data-id=\"3062c29\" data-element_type=\"widget\" data-e-type=\"widget\" data-widget_type=\"heading.default\">\n\t\t\t\t<div class=\"elementor-widget-container\">\n\t\t\t\t\t<h2 class=\"elementor-heading-title elementor-size-default\">PCMSO (Programa de Controle M\u00e9dico de Sa\u00fade Ocupacional)<\/h2>\t\t\t\t<\/div>\n\t\t\t\t<\/div>\n\t\t\t\t<div class=\"elementor-element elementor-element-b5b3989 elementor-widget elementor-widget-text-editor\" data-id=\"b5b3989\" data-element_type=\"widget\" data-e-type=\"widget\" data-widget_type=\"text-editor.default\">\n\t\t\t\t<div class=\"elementor-widget-container\">\n\t\t\t\t\t\t\t\t\t<p>Programa m\u00e9dico obrigat\u00f3rio para monitorar e preservar a sa\u00fade dos trabalhadores conforme os riscos ocupacionais.<\/p>\t\t\t\t\t\t\t\t<\/div>\n\t\t\t\t<\/div>\n\t\t\t\t<\/div>\n\t\t<div class=\"elementor-element elementor-element-05f68d0 e-con-full e-flex e-con e-child\" data-id=\"05f68d0\" data-element_type=\"container\" data-e-type=\"container\" data-settings=\"{&quot;background_background&quot;:&quot;classic&quot;}\">\n\t\t\t\t<div class=\"elementor-element elementor-element-572dbe1 elementor-widget elementor-widget-heading\" data-id=\"572dbe1\" data-element_type=\"widget\" data-e-type=\"widget\" data-widget_type=\"heading.default\">\n\t\t\t\t<div class=\"elementor-widget-container\">\n\t\t\t\t\t<h2 class=\"elementor-heading-title elementor-size-default\">Exame Admissional<\/h2>\t\t\t\t<\/div>\n\t\t\t\t<\/div>\n\t\t\t\t<div class=\"elementor-element elementor-element-03bf157 elementor-widget elementor-widget-text-editor\" data-id=\"03bf157\" data-element_type=\"widget\" data-e-type=\"widget\" data-widget_type=\"text-editor.default\">\n\t\t\t\t<div class=\"elementor-widget-container\">\n\t\t\t\t\t\t\t\t\t<p>Avalia\u00e7\u00e3o cl\u00ednica para verificar aptid\u00e3o do colaborador antes do in\u00edcio das atividades.<\/p>\t\t\t\t\t\t\t\t<\/div>\n\t\t\t\t<\/div>\n\t\t\t\t<\/div>\n\t\t<div class=\"elementor-element elementor-element-0bcbf34 e-con-full e-flex e-con e-child\" data-id=\"0bcbf34\" data-element_type=\"container\" data-e-type=\"container\" data-settings=\"{&quot;background_background&quot;:&quot;classic&quot;}\">\n\t\t\t\t<div class=\"elementor-element elementor-element-88d552f elementor-widget__width-initial elementor-widget elementor-widget-heading\" data-id=\"88d552f\" data-element_type=\"widget\" data-e-type=\"widget\" data-widget_type=\"heading.default\">\n\t\t\t\t<div class=\"elementor-widget-container\">\n\t\t\t\t\t<h2 class=\"elementor-heading-title elementor-size-default\">Exame Peri\u00f3dico<\/h2>\t\t\t\t<\/div>\n\t\t\t\t<\/div>\n\t\t\t\t<div class=\"elementor-element elementor-element-4fc3f43 elementor-widget elementor-widget-text-editor\" data-id=\"4fc3f43\" data-element_type=\"widget\" data-e-type=\"widget\" data-widget_type=\"text-editor.default\">\n\t\t\t\t<div class=\"elementor-widget-container\">\n\t\t\t\t\t\t\t\t\t<p>Monitoramento regular da sa\u00fade do trabalhador durante o v\u00ednculo empregat\u00edcio.<\/p>\t\t\t\t\t\t\t\t<\/div>\n\t\t\t\t<\/div>\n\t\t\t\t<\/div>\n\t\t<div class=\"elementor-element elementor-element-c1771ec e-con-full e-flex e-con e-child\" data-id=\"c1771ec\" data-element_type=\"container\" data-e-type=\"container\" data-settings=\"{&quot;background_background&quot;:&quot;classic&quot;}\">\n\t\t\t\t<div class=\"elementor-element elementor-element-6d40f80 elementor-widget elementor-widget-heading\" data-id=\"6d40f80\" data-element_type=\"widget\" data-e-type=\"widget\" data-widget_type=\"heading.default\">\n\t\t\t\t<div class=\"elementor-widget-container\">\n\t\t\t\t\t<h2 class=\"elementor-heading-title elementor-size-default\">Exame de Retorno ao Trabalho<\/h2>\t\t\t\t<\/div>\n\t\t\t\t<\/div>\n\t\t\t\t<div class=\"elementor-element elementor-element-5415758 elementor-widget elementor-widget-text-editor\" data-id=\"5415758\" data-element_type=\"widget\" data-e-type=\"widget\" data-widget_type=\"text-editor.default\">\n\t\t\t\t<div class=\"elementor-widget-container\">\n\t\t\t\t\t\t\t\t\t<p>Avalia\u00e7\u00e3o ap\u00f3s afastamentos para garantir condi\u00e7\u00f5es seguras de retorno.<\/p>\t\t\t\t\t\t\t\t<\/div>\n\t\t\t\t<\/div>\n\t\t\t\t<\/div>\n\t\t<div class=\"elementor-element elementor-element-ef887de e-con-full e-flex e-con e-child\" data-id=\"ef887de\" data-element_type=\"container\" data-e-type=\"container\" data-settings=\"{&quot;background_background&quot;:&quot;classic&quot;}\">\n\t\t\t\t<div class=\"elementor-element elementor-element-982d1bc elementor-widget elementor-widget-heading\" data-id=\"982d1bc\" data-element_type=\"widget\" data-e-type=\"widget\" data-widget_type=\"heading.default\">\n\t\t\t\t<div class=\"elementor-widget-container\">\n\t\t\t\t\t<h2 class=\"elementor-heading-title elementor-size-default\">Exame de Mudan\u00e7a de Risco\/Fun\u00e7\u00e3o<\/h2>\t\t\t\t<\/div>\n\t\t\t\t<\/div>\n\t\t\t\t<div class=\"elementor-element elementor-element-b4af320 elementor-widget elementor-widget-text-editor\" data-id=\"b4af320\" data-element_type=\"widget\" data-e-type=\"widget\" data-widget_type=\"text-editor.default\">\n\t\t\t\t<div class=\"elementor-widget-container\">\n\t\t\t\t\t\t\t\t\t<p>Verifica\u00e7\u00e3o da aptid\u00e3o frente a novos riscos ocupacionais.<\/p>\t\t\t\t\t\t\t\t<\/div>\n\t\t\t\t<\/div>\n\t\t\t\t<\/div>\n\t\t\t\t<\/div>\n\t\t<div class=\"elementor-element elementor-element-4cb90da e-con-full e-flex elementor-invisible e-con e-child\" data-id=\"4cb90da\" data-element_type=\"container\" data-e-type=\"container\" data-settings=\"{&quot;background_background&quot;:&quot;classic&quot;,&quot;animation&quot;:&quot;slideInRight&quot;}\">\n\t\t<div class=\"elementor-element elementor-element-ded2788 e-con-full e-flex e-con e-child\" data-id=\"ded2788\" data-element_type=\"container\" data-e-type=\"container\" data-settings=\"{&quot;background_background&quot;:&quot;classic&quot;}\">\n\t\t\t\t<div class=\"elementor-element elementor-element-60c05d9 elementor-widget elementor-widget-heading\" data-id=\"60c05d9\" data-element_type=\"widget\" data-e-type=\"widget\" data-widget_type=\"heading.default\">\n\t\t\t\t<div class=\"elementor-widget-container\">\n\t\t\t\t\t<h2 class=\"elementor-heading-title elementor-size-default\">Exame Demissional<\/h2>\t\t\t\t<\/div>\n\t\t\t\t<\/div>\n\t\t\t\t<div class=\"elementor-element elementor-element-90074de elementor-widget elementor-widget-text-editor\" data-id=\"90074de\" data-element_type=\"widget\" data-e-type=\"widget\" data-widget_type=\"text-editor.default\">\n\t\t\t\t<div class=\"elementor-widget-container\">\n\t\t\t\t\t\t\t\t\t<p>Avalia\u00e7\u00e3o final do estado de sa\u00fade no encerramento do v\u00ednculo.<\/p>\t\t\t\t\t\t\t\t<\/div>\n\t\t\t\t<\/div>\n\t\t\t\t<\/div>\n\t\t<div class=\"elementor-element elementor-element-0e51240 e-con-full e-flex e-con e-child\" data-id=\"0e51240\" data-element_type=\"container\" data-e-type=\"container\" data-settings=\"{&quot;background_background&quot;:&quot;classic&quot;}\">\n\t\t\t\t<div class=\"elementor-element elementor-element-289e289 elementor-widget elementor-widget-heading\" data-id=\"289e289\" data-element_type=\"widget\" data-e-type=\"widget\" data-widget_type=\"heading.default\">\n\t\t\t\t<div class=\"elementor-widget-container\">\n\t\t\t\t\t<h2 class=\"elementor-heading-title elementor-size-default\">ASO (Atestado de Sa\u00fade Ocupacional)<\/h2>\t\t\t\t<\/div>\n\t\t\t\t<\/div>\n\t\t\t\t<div class=\"elementor-element elementor-element-71377b7 elementor-widget elementor-widget-text-editor\" data-id=\"71377b7\" data-element_type=\"widget\" data-e-type=\"widget\" data-widget_type=\"text-editor.default\">\n\t\t\t\t<div class=\"elementor-widget-container\">\n\t\t\t\t\t\t\t\t\t<p>Documento legal que registra a aptid\u00e3o do trabalhador.<\/p>\t\t\t\t\t\t\t\t<\/div>\n\t\t\t\t<\/div>\n\t\t\t\t<\/div>\n\t\t<div class=\"elementor-element elementor-element-051fbd7 e-con-full e-flex e-con e-child\" data-id=\"051fbd7\" data-element_type=\"container\" data-e-type=\"container\" data-settings=\"{&quot;background_background&quot;:&quot;classic&quot;}\">\n\t\t\t\t<div class=\"elementor-element elementor-element-afd753c elementor-widget__width-initial elementor-widget elementor-widget-heading\" data-id=\"afd753c\" data-element_type=\"widget\" data-e-type=\"widget\" data-widget_type=\"heading.default\">\n\t\t\t\t<div class=\"elementor-widget-container\">\n\t\t\t\t\t<h2 class=\"elementor-heading-title elementor-size-default\">Gest\u00e3o e Homologa\u00e7\u00e3o de Atestados M\u00e9dicos<\/h2>\t\t\t\t<\/div>\n\t\t\t\t<\/div>\n\t\t\t\t<div class=\"elementor-element elementor-element-e57b3c8 elementor-widget elementor-widget-text-editor\" data-id=\"e57b3c8\" data-element_type=\"widget\" data-e-type=\"widget\" data-widget_type=\"text-editor.default\">\n\t\t\t\t<div class=\"elementor-widget-container\">\n\t\t\t\t\t\t\t\t\t<p>Controle, an\u00e1lise e valida\u00e7\u00e3o de afastamentos por motivo de sa\u00fade.<\/p>\t\t\t\t\t\t\t\t<\/div>\n\t\t\t\t<\/div>\n\t\t\t\t<\/div>\n\t\t<div class=\"elementor-element elementor-element-c1811f1 e-con-full e-flex e-con e-child\" data-id=\"c1811f1\" data-element_type=\"container\" data-e-type=\"container\" data-settings=\"{&quot;background_background&quot;:&quot;classic&quot;}\">\n\t\t\t\t<div class=\"elementor-element elementor-element-109ffa9 elementor-widget elementor-widget-heading\" data-id=\"109ffa9\" data-element_type=\"widget\" data-e-type=\"widget\" data-widget_type=\"heading.default\">\n\t\t\t\t<div class=\"elementor-widget-container\">\n\t\t\t\t\t<h2 class=\"elementor-heading-title elementor-size-default\">Relat\u00f3rios de Absente\u00edsmo<\/h2>\t\t\t\t<\/div>\n\t\t\t\t<\/div>\n\t\t\t\t<div class=\"elementor-element elementor-element-4601a60 elementor-widget elementor-widget-text-editor\" data-id=\"4601a60\" data-element_type=\"widget\" data-e-type=\"widget\" data-widget_type=\"text-editor.default\">\n\t\t\t\t<div class=\"elementor-widget-container\">\n\t\t\t\t\t\t\t\t\t<p>An\u00e1lise de faltas e afastamentos para gest\u00e3o estrat\u00e9gica de sa\u00fade.<\/p>\t\t\t\t\t\t\t\t<\/div>\n\t\t\t\t<\/div>\n\t\t\t\t<\/div>\n\t\t<div class=\"elementor-element elementor-element-164dff3 e-con-full e-flex e-con e-child\" data-id=\"164dff3\" data-element_type=\"container\" data-e-type=\"container\" data-settings=\"{&quot;background_background&quot;:&quot;classic&quot;}\">\n\t\t\t\t<div class=\"elementor-element elementor-element-66fbc82 elementor-widget elementor-widget-heading\" data-id=\"66fbc82\" data-element_type=\"widget\" data-e-type=\"widget\" data-widget_type=\"heading.default\">\n\t\t\t\t<div class=\"elementor-widget-container\">\n\t\t\t\t\t<h2 class=\"elementor-heading-title elementor-size-default\">e-Social<\/h2>\t\t\t\t<\/div>\n\t\t\t\t<\/div>\n\t\t\t\t<div class=\"elementor-element elementor-element-fc0526c elementor-widget elementor-widget-text-editor\" data-id=\"fc0526c\" data-element_type=\"widget\" data-e-type=\"widget\" data-widget_type=\"text-editor.default\">\n\t\t\t\t<div class=\"elementor-widget-container\">\n\t\t\t\t\t\t\t\t\t<p>Eventos SST (S-2210, S-2220, S- 2221 e S-2240) \u2013 Envio legal das informa\u00e7\u00f5es de sa\u00fade e seguran\u00e7a ao governo.<\/p>\t\t\t\t\t\t\t\t<\/div>\n\t\t\t\t<\/div>\n\t\t\t\t<\/div>\n\t\t\t\t<\/div>\n\t\t<div class=\"elementor-element elementor-element-fe219c4 e-con-full e-flex elementor-invisible e-con e-child\" data-id=\"fe219c4\" data-element_type=\"container\" data-e-type=\"container\" data-settings=\"{&quot;background_background&quot;:&quot;classic&quot;,&quot;animation&quot;:&quot;fadeInLeft&quot;}\">\n\t\t<div class=\"elementor-element elementor-element-b30250e e-con-full e-flex e-con e-child\" data-id=\"b30250e\" data-element_type=\"container\" data-e-type=\"container\" data-settings=\"{&quot;background_background&quot;:&quot;classic&quot;}\">\n\t\t\t\t<div class=\"elementor-element elementor-element-38043b0 elementor-widget elementor-widget-heading\" data-id=\"38043b0\" data-element_type=\"widget\" data-e-type=\"widget\" data-widget_type=\"heading.default\">\n\t\t\t\t<div class=\"elementor-widget-container\">\n\t\t\t\t\t<h2 class=\"elementor-heading-title elementor-size-default\">Avalia\u00e7\u00e3o de Riscos Psicossociais (NR-01)<\/h2>\t\t\t\t<\/div>\n\t\t\t\t<\/div>\n\t\t\t\t<div class=\"elementor-element elementor-element-26ecd15 elementor-widget elementor-widget-text-editor\" data-id=\"26ecd15\" data-element_type=\"widget\" data-e-type=\"widget\" data-widget_type=\"text-editor.default\">\n\t\t\t\t<div class=\"elementor-widget-container\">\n\t\t\t\t\t\t\t\t\t<p>Levantamento t\u00e9cnico de fatores psicossociais com metodologias validadas.<\/p>\t\t\t\t\t\t\t\t<\/div>\n\t\t\t\t<\/div>\n\t\t\t\t<\/div>\n\t\t<div class=\"elementor-element elementor-element-8ef5754 e-con-full e-flex e-con e-child\" data-id=\"8ef5754\" data-element_type=\"container\" data-e-type=\"container\" data-settings=\"{&quot;background_background&quot;:&quot;classic&quot;}\">\n\t\t\t\t<div class=\"elementor-element elementor-element-c3f7fa8 elementor-widget elementor-widget-heading\" data-id=\"c3f7fa8\" data-element_type=\"widget\" data-e-type=\"widget\" data-widget_type=\"heading.default\">\n\t\t\t\t<div class=\"elementor-widget-container\">\n\t\t\t\t\t<h2 class=\"elementor-heading-title elementor-size-default\">Question\u00e1rios Psicossociais Validados<\/h2>\t\t\t\t<\/div>\n\t\t\t\t<\/div>\n\t\t\t\t<div class=\"elementor-element elementor-element-d752d3a elementor-widget elementor-widget-text-editor\" data-id=\"d752d3a\" data-element_type=\"widget\" data-e-type=\"widget\" data-widget_type=\"text-editor.default\">\n\t\t\t\t<div class=\"elementor-widget-container\">\n\t\t\t\t\t\t\t\t\t<p>Aplica\u00e7\u00e3o de instrumentos cient\u00edficos reconhecidos na literatura.<\/p>\t\t\t\t\t\t\t\t<\/div>\n\t\t\t\t<\/div>\n\t\t\t\t<\/div>\n\t\t<div class=\"elementor-element elementor-element-9dd8598 e-con-full e-flex e-con e-child\" data-id=\"9dd8598\" data-element_type=\"container\" data-e-type=\"container\" data-settings=\"{&quot;background_background&quot;:&quot;classic&quot;}\">\n\t\t\t\t<div class=\"elementor-element elementor-element-5d41c60 elementor-widget__width-initial elementor-widget elementor-widget-heading\" data-id=\"5d41c60\" data-element_type=\"widget\" data-e-type=\"widget\" data-widget_type=\"heading.default\">\n\t\t\t\t<div class=\"elementor-widget-container\">\n\t\t\t\t\t<h2 class=\"elementor-heading-title elementor-size-default\">Programas de Sa\u00fade Mental Corporativa<\/h2>\t\t\t\t<\/div>\n\t\t\t\t<\/div>\n\t\t\t\t<div class=\"elementor-element elementor-element-e256873 elementor-widget elementor-widget-text-editor\" data-id=\"e256873\" data-element_type=\"widget\" data-e-type=\"widget\" data-widget_type=\"text-editor.default\">\n\t\t\t\t<div class=\"elementor-widget-container\">\n\t\t\t\t\t\t\t\t\t<p>\u00a0A\u00e7\u00f5es estruturadas de promo\u00e7\u00e3o, preven\u00e7\u00e3o e apoio psicol\u00f3gico.<\/p>\t\t\t\t\t\t\t\t<\/div>\n\t\t\t\t<\/div>\n\t\t\t\t<\/div>\n\t\t<div class=\"elementor-element elementor-element-bc7c016 e-con-full e-flex e-con e-child\" data-id=\"bc7c016\" data-element_type=\"container\" data-e-type=\"container\" data-settings=\"{&quot;background_background&quot;:&quot;classic&quot;}\">\n\t\t\t\t<div class=\"elementor-element elementor-element-ce96580 elementor-widget elementor-widget-heading\" data-id=\"ce96580\" data-element_type=\"widget\" data-e-type=\"widget\" data-widget_type=\"heading.default\">\n\t\t\t\t<div class=\"elementor-widget-container\">\n\t\t\t\t\t<h2 class=\"elementor-heading-title elementor-size-default\">Atendimento Psicol\u00f3gico Ocupacional<\/h2>\t\t\t\t<\/div>\n\t\t\t\t<\/div>\n\t\t\t\t<div class=\"elementor-element elementor-element-04ce27d elementor-widget elementor-widget-text-editor\" data-id=\"04ce27d\" data-element_type=\"widget\" data-e-type=\"widget\" data-widget_type=\"text-editor.default\">\n\t\t\t\t<div class=\"elementor-widget-container\">\n\t\t\t\t\t\t\t\t\t<p>Suporte cl\u00ednico e organizacional aos colaboradores.<\/p>\t\t\t\t\t\t\t\t<\/div>\n\t\t\t\t<\/div>\n\t\t\t\t<\/div>\n\t\t<div class=\"elementor-element elementor-element-2190b22 e-con-full e-flex e-con e-child\" data-id=\"2190b22\" data-element_type=\"container\" data-e-type=\"container\" data-settings=\"{&quot;background_background&quot;:&quot;classic&quot;}\">\n\t\t\t\t<div class=\"elementor-element elementor-element-265a481 elementor-widget elementor-widget-heading\" data-id=\"265a481\" data-element_type=\"widget\" data-e-type=\"widget\" data-widget_type=\"heading.default\">\n\t\t\t\t<div class=\"elementor-widget-container\">\n\t\t\t\t\t<h2 class=\"elementor-heading-title elementor-size-default\">AET e AEP<\/h2>\t\t\t\t<\/div>\n\t\t\t\t<\/div>\n\t\t\t\t<div class=\"elementor-element elementor-element-7146592 elementor-widget elementor-widget-text-editor\" data-id=\"7146592\" data-element_type=\"widget\" data-e-type=\"widget\" data-widget_type=\"text-editor.default\">\n\t\t\t\t<div class=\"elementor-widget-container\">\n\t\t\t\t\t\t\t\t\t<p>Analise ergon\u00f4mica preliminar e avalia\u00e7\u00e3o ergon\u00f4mico do trabalho<\/p>\t\t\t\t\t\t\t\t<\/div>\n\t\t\t\t<\/div>\n\t\t\t\t<\/div>\n\t\t\t\t<\/div>\n\t\t\t\t\t<\/div>\n\t\t\t\t<\/div>\n\t\t\t\t<\/div>\n\t\t","protected":false},"excerpt":{"rendered":"<p>Medicina do Trabalho Solicite um or\u00e7amento Na A3 Per\u00edcia M\u00e9dica e Medicina do Trabalho, oferecemos servi\u00e7os especializados em medicina do trabalho, com o objetivo de promover a sa\u00fade e a seguran\u00e7a dos colaboradores no ambiente laboral. Com uma equipe altamente capacitada e experiente, nossa empresa \u00e9 reconhecida por sua excel\u00eancia e compromisso em fornecer solu\u00e7\u00f5es [&hellip;]<\/p>\n","protected":false},"author":1,"featured_media":0,"parent":0,"menu_order":0,"comment_status":"closed","ping_status":"closed","template":"elementor_header_footer","meta":{"footnotes":""},"class_list":["post-2621","page","type-page","status-publish","hentry"],"_links":{"self":[{"href":"https:\/\/a3medicinadotrabalho.com.br\/campanha\/wp-json\/wp\/v2\/pages\/2621","targetHints":{"allow":["GET"]}}],"collection":[{"href":"https:\/\/a3medicinadotrabalho.com.br\/campanha\/wp-json\/wp\/v2\/pages"}],"about":[{"href":"https:\/\/a3medicinadotrabalho.com.br\/campanha\/wp-json\/wp\/v2\/types\/page"}],"author":[{"embeddable":true,"href":"https:\/\/a3medicinadotrabalho.com.br\/campanha\/wp-json\/wp\/v2\/users\/1"}],"replies":[{"embeddable":true,"href":"https:\/\/a3medicinadotrabalho.com.br\/campanha\/wp-json\/wp\/v2\/comments?post=2621"}],"version-history":[{"count":71,"href":"https:\/\/a3medicinadotrabalho.com.br\/campanha\/wp-json\/wp\/v2\/pages\/2621\/revisions"}],"predecessor-version":[{"id":2728,"href":"https:\/\/a3medicinadotrabalho.com.br\/campanha\/wp-json\/wp\/v2\/pages\/2621\/revisions\/2728"}],"wp:attachment":[{"href":"https:\/\/a3medicinadotrabalho.com.br\/campanha\/wp-json\/wp\/v2\/media?parent=2621"}],"curies":[{"name":"wp","href":"https:\/\/api.w.org\/{rel}","templated":true}]}}